{"id":60,"date":"2025-09-18T21:45:05","date_gmt":"2025-09-18T19:45:05","guid":{"rendered":"https:\/\/aslan-constructions.fr\/?page_id=60"},"modified":"2025-09-21T13:24:37","modified_gmt":"2025-09-21T11:24:37","slug":"mentions-legales","status":"publish","type":"page","link":"https:\/\/aslan-constructions.fr\/index.php\/mentions-legales\/","title":{"rendered":"Mentions l\u00e9gales"},"content":{"rendered":"\n<h2 class=\"wp-block-heading\">1. \u00c9diteur du site<\/h2>\n\n\n\n<p>Le site <a href=\"https:\/\/aslan-constructions.fr\/\">https:\/\/aslan-constructions.fr\/<\/a> est \u00e9dit\u00e9 par :<br><strong>Aslan Construction<\/strong><br>Statut : Entrepreneur individuel<br>N\u00b0 SIRET : 49750234400011<br>Adresse : 1, rue du Plessis de Grenedan 56000 Vannes<br>T\u00e9l\u00e9phone : 06 87 73 08 88<br>Email : contact@aslan-constructions.fr<\/p>\n\n\n\n<p>Responsable de la publication : <strong>Mr Ali Aslan<\/strong><\/p>\n\n\n\n<h2 class=\"wp-block-heading\">2. H\u00e9bergement<\/h2>\n\n\n\n<p>Le site est h\u00e9berg\u00e9 par :<br><strong>OVH<\/strong><br>Adresse : 2 rue Kellermann &#8211; 59100 Roubaix &#8211; France<br>Site web : <a href=\"https:\/\/www.ovhcloud.com\/fr\" target=\"_blank\" rel=\"noopener\">https:\/\/www.ovhcloud.com\/fr<\/a><\/p>\n\n\n\n<h2 class=\"wp-block-heading\">3. Propri\u00e9t\u00e9 intellectuelle<\/h2>\n\n\n\n<p>L\u2019ensemble du contenu du site (textes, images, photographies, logos, ic\u00f4nes\u2026) est la propri\u00e9t\u00e9 exclusive de <strong>Mr Ali Aslan &#8211; https:\/\/aslan-constructions.fr\/<\/strong>, sauf mention contraire.<br>Toute reproduction, repr\u00e9sentation, modification ou adaptation, totale ou partielle, est interdite sans l\u2019autorisation pr\u00e9alable \u00e9crite de l\u2019\u00e9diteur.<\/p>\n\n\n\n<h2 class=\"wp-block-heading\">4. Donn\u00e9es personnelles<\/h2>\n\n\n\n<p>Les informations recueillies via le formulaire de contact sont destin\u00e9es exclusivement \u00e0 r\u00e9pondre \u00e0 vos demandes.<br>Conform\u00e9ment au R\u00e8glement G\u00e9n\u00e9ral sur la Protection des Donn\u00e9es (RGPD), vous disposez d\u2019un droit d\u2019acc\u00e8s, de rectification et de suppression de vos donn\u00e9es en nous contactant \u00e0 : <strong>contact@aslan-constructions.fr<\/strong>.<\/p>\n\n\n\n<p>Pour plus d\u2019informations, consultez notre <a href=\"https:\/\/aslan-constructions.fr\/index.php\/politique-de-confidentialite\/\" data-type=\"page\" data-id=\"3\">Politique de confidentialit\u00e9<\/a>.<\/p>\n\n\n\n<h2 class=\"wp-block-heading\">5. Responsabilit\u00e9<\/h2>\n\n\n\n<p>L\u2019\u00e9diteur du site met tout en \u0153uvre pour assurer l\u2019exactitude des informations publi\u00e9es. Toutefois, il ne saurait \u00eatre tenu responsable des erreurs, omissions ou indisponibilit\u00e9s du site.<\/p>\n\n\n\n<p>L\u2019utilisation du site se fait sous la seule responsabilit\u00e9 de l\u2019utilisateur.<\/p>\n","protected":false},"excerpt":{"rendered":"<p>1. \u00c9diteur du site Le site https:\/\/aslan-constructions.fr\/ est \u00e9dit\u00e9 par :Aslan ConstructionStatut : Entrepreneur individuelN\u00b0 SIRET : 49750234400011Adresse : 1, rue du Plessis de Grenedan 56000 VannesT\u00e9l\u00e9phone : 06 87 73 08 88Email : contact@aslan-constructions.fr Responsable de la publication : Mr Ali Aslan 2. H\u00e9bergement Le site est h\u00e9berg\u00e9 par :OVHAdresse : 2 rue Kellermann [&hellip;]<\/p>\n","protected":false},"author":1,"featured_media":0,"parent":0,"menu_order":0,"comment_status":"closed","ping_status":"closed","template":"","meta":{"footnotes":""},"class_list":["post-60","page","type-page","status-publish","hentry"],"_links":{"self":[{"href":"https:\/\/aslan-constructions.fr\/index.php\/wp-json\/wp\/v2\/pages\/60","targetHints":{"allow":["GET"]}}],"collection":[{"href":"https:\/\/aslan-constructions.fr\/index.php\/wp-json\/wp\/v2\/pages"}],"about":[{"href":"https:\/\/aslan-constructions.fr\/index.php\/wp-json\/wp\/v2\/types\/page"}],"author":[{"embeddable":true,"href":"https:\/\/aslan-constructions.fr\/index.php\/wp-json\/wp\/v2\/users\/1"}],"replies":[{"embeddable":true,"href":"https:\/\/aslan-constructions.fr\/index.php\/wp-json\/wp\/v2\/comments?post=60"}],"version-history":[{"count":3,"href":"https:\/\/aslan-constructions.fr\/index.php\/wp-json\/wp\/v2\/pages\/60\/revisions"}],"predecessor-version":[{"id":70,"href":"https:\/\/aslan-constructions.fr\/index.php\/wp-json\/wp\/v2\/pages\/60\/revisions\/70"}],"wp:attachment":[{"href":"https:\/\/aslan-constructions.fr\/index.php\/wp-json\/wp\/v2\/media?parent=60"}],"curies":[{"name":"wp","href":"https:\/\/api.w.org\/{rel}","templated":true}]}}